{"id":1473,"date":"2021-11-11T21:44:32","date_gmt":"2021-11-11T14:44:32","guid":{"rendered":"https:\/\/sokitium.vn\/san-pham\/soki-tium-baby\/"},"modified":"2022-07-25T15:13:31","modified_gmt":"2022-07-25T08:13:31","slug":"soki-tium-baby","status":"publish","type":"product","link":"https:\/\/sokitium.vn\/en\/san-pham\/soki-tium-baby\/","title":{"rendered":"SOKI-TIUM baby"},"content":{"rendered":"","protected":false},"excerpt":{"rendered":"<p>Xoa d\u1ecbu v\u00e0 nu\u00f4i d\u01b0\u1ee1ng c\u01a1 th\u1ec3, h\u1ed7 tr\u1ee3 ti\u00eau h\u00f3a, gi\u00fap con ng\u1ee7 ngon s\u00e2u gi\u1ea5c<\/p>\n","protected":false},"featured_media":1253,"template":"","meta":[],"product_cat":[22,80],"product_tag":[],"class_list":["post-1473","product","type-product","status-publish","has-post-thumbnail","hentry","product_cat-chua-co-danh-muc","product_cat-tinh-chat-en"],"_links":{"self":[{"href":"https:\/\/sokitium.vn\/en\/wp-json\/wp\/v2\/product\/1473","targetHints":{"allow":["GET"]}}],"collection":[{"href":"https:\/\/sokitium.vn\/en\/wp-json\/wp\/v2\/product"}],"about":[{"href":"https:\/\/sokitium.vn\/en\/wp-json\/wp\/v2\/types\/product"}],"wp:featuredmedia":[{"embeddable":true,"href":"https:\/\/sokitium.vn\/en\/wp-json\/wp\/v2\/media\/1253"}],"wp:attachment":[{"href":"https:\/\/sokitium.vn\/en\/wp-json\/wp\/v2\/media?parent=1473"}],"wp:term":[{"taxonomy":"product_cat","embeddable":true,"href":"https:\/\/sokitium.vn\/en\/wp-json\/wp\/v2\/product_cat?post=1473"},{"taxonomy":"product_tag","embeddable":true,"href":"https:\/\/sokitium.vn\/en\/wp-json\/wp\/v2\/product_tag?post=1473"}],"curies":[{"name":"wp","href":"https:\/\/api.w.org\/{rel}","templated":true}]}}