{"id":421,"date":"2021-09-06T12:19:43","date_gmt":"2021-09-06T12:19:43","guid":{"rendered":"https:\/\/sokitium.vn\/chi-tiet-san-pham\/"},"modified":"2021-11-24T02:52:03","modified_gmt":"2021-11-23T19:52:03","slug":"chi-tiet-san-pham","status":"publish","type":"page","link":"https:\/\/sokitium.vn\/en\/chi-tiet-san-pham\/","title":{"rendered":"Chi ti\u1ebft s\u1ea3n ph\u1ea9m"},"content":{"rendered":"<p>\u0110\u01a1n \u0111\u1eb7t h\u00e0ng c\u1ee7a b\u1ea1n hi\u1ec7n \u0111ang \u0111\u01b0\u1ee3c x\u1eed l\u00fd.<br \/>\nTh\u00f4ng tin chi ti\u1ebft \u0111\u01a1n h\u00e0ng s\u1ebd \u0111\u01b0\u1ee3c g\u1eedi \u0111\u1ebfn email c\u1ee7a b\u1ea1n<\/p>\n<p>M\u1ecdi th\u1eafc m\u1eafc vui l\u00f2ng li\u00ean h\u1ec7:<\/p>\n<p><strong>Hotline: <a href=\"tel:(028) 668 259 76\">(028) 668 259 76<\/a><\/strong><br \/>\n<strong>Email: <a href=\"mailto:dearklairs@gmail.com\">dearklairs@gmail.com<\/a><\/strong><\/p>\n<p>C\u1ea3m \u01a1n b\u1ea1n \u0111\u00e3 \u0111\u1eb7t h\u00e0ng c\u1ee7a b\u1ea1n. \u0110\u01a1n h\u00e0ng c\u1ee7a b\u1ea1n s\u1ebd \u0111\u01b0\u1ee3c x\u1eed l\u00fd trong th\u1eddi gian s\u1edbm nh\u1ea5t. Ch\u00fang t\u00f4i s\u1ebd li\u00ean h\u1ec7 v\u1edbi b\u1ea1n \u0111\u1ec3 x\u00e1c nh\u1eadn y\u00eau c\u1ea7u v\u00e0 giao h\u00e0ng.<\/p>\n","protected":false},"excerpt":{"rendered":"<p>\u0110\u01a1n \u0111\u1eb7t h\u00e0ng c\u1ee7a b\u1ea1n hi\u1ec7n \u0111ang \u0111\u01b0\u1ee3c x\u1eed l\u00fd. Th\u00f4ng tin chi ti\u1ebft \u0111\u01a1n h\u00e0ng s\u1ebd \u0111\u01b0\u1ee3c g\u1eedi \u0111\u1ebfn email c\u1ee7a b\u1ea1n M\u1ecdi th\u1eafc m\u1eafc vui l\u00f2ng li\u00ean h\u1ec7: Hotline: (028) 668 259 76 Email: dearklairs@gmail.com C\u1ea3m \u01a1n b\u1ea1n \u0111\u00e3 \u0111\u1eb7t h\u00e0ng c\u1ee7a b\u1ea1n. \u0110\u01a1n h\u00e0ng c\u1ee7a b\u1ea1n s\u1ebd \u0111\u01b0\u1ee3c x\u1eed l\u00fd trong th\u1eddi &#8230; <a title=\"Chi ti\u1ebft s\u1ea3n ph\u1ea9m\" class=\"read-more\" href=\"https:\/\/sokitium.vn\/en\/chi-tiet-san-pham\/\" aria-label=\"More on Chi ti\u1ebft s\u1ea3n ph\u1ea9m\">Read more<\/a><\/p>\n","protected":false},"author":1,"featured_media":0,"parent":0,"menu_order":0,"comment_status":"closed","ping_status":"closed","template":"templates\/product_details.php","meta":{"footnotes":""},"class_list":["post-421","page","type-page","status-publish"],"_links":{"self":[{"href":"https:\/\/sokitium.vn\/en\/wp-json\/wp\/v2\/pages\/421","targetHints":{"allow":["GET"]}}],"collection":[{"href":"https:\/\/sokitium.vn\/en\/wp-json\/wp\/v2\/pages"}],"about":[{"href":"https:\/\/sokitium.vn\/en\/wp-json\/wp\/v2\/types\/page"}],"author":[{"embeddable":true,"href":"https:\/\/sokitium.vn\/en\/wp-json\/wp\/v2\/users\/1"}],"replies":[{"embeddable":true,"href":"https:\/\/sokitium.vn\/en\/wp-json\/wp\/v2\/comments?post=421"}],"version-history":[{"count":1,"href":"https:\/\/sokitium.vn\/en\/wp-json\/wp\/v2\/pages\/421\/revisions"}],"predecessor-version":[{"id":1456,"href":"https:\/\/sokitium.vn\/en\/wp-json\/wp\/v2\/pages\/421\/revisions\/1456"}],"wp:attachment":[{"href":"https:\/\/sokitium.vn\/en\/wp-json\/wp\/v2\/media?parent=421"}],"curies":[{"name":"wp","href":"https:\/\/api.w.org\/{rel}","templated":true}]}}